{"id":2335,"date":"2023-11-28T10:36:43","date_gmt":"2023-11-28T09:36:43","guid":{"rendered":"https:\/\/www.pricura.de\/jobs\/kwestionariusz-osobowy\/"},"modified":"2024-05-22T15:59:32","modified_gmt":"2024-05-22T13:59:32","slug":"kwestionariusz-osobowy","status":"publish","type":"page","link":"https:\/\/jobs.pricura.de\/pl\/kwestionariusz-osobowy\/","title":{"rendered":"Kwestionariusz osobowy"},"content":{"rendered":"\t\t<div data-elementor-type=\"wp-page\" data-elementor-id=\"2335\" class=\"elementor elementor-2335 elementor-1875\" data-elementor-post-type=\"page\">\n\t\t\t\t<div class=\"elementor-element elementor-element-c26a3c4 e-flex e-con-boxed e-con e-parent\" data-id=\"c26a3c4\" data-element_type=\"container\" data-settings=\"{&quot;background_background&quot;:&quot;classic&quot;}\">\n\t\t\t\t\t<div class=\"e-con-inner\">\n\t\t<div class=\"elementor-element elementor-element-89df7a6 e-con-full e-flex e-con e-child\" data-id=\"89df7a6\" data-element_type=\"container\">\n\t\t\t\t<\/div>\n\t\t<div class=\"elementor-element elementor-element-d6d486c e-con-full e-flex e-con e-child\" data-id=\"d6d486c\" data-element_type=\"container\">\n\t\t\t\t<div class=\"elementor-element elementor-element-fd9e5d9 elementor-invisible elementor-widget elementor-widget-image\" data-id=\"fd9e5d9\" data-element_type=\"widget\" data-settings=\"{&quot;motion_fx_motion_fx_mouse&quot;:&quot;yes&quot;,&quot;motion_fx_mouseTrack_effect&quot;:&quot;yes&quot;,&quot;motion_fx_mouseTrack_speed&quot;:{&quot;unit&quot;:&quot;px&quot;,&quot;size&quot;:0.5,&quot;sizes&quot;:[]},&quot;motion_fx_tilt_effect&quot;:&quot;yes&quot;,&quot;_animation&quot;:&quot;fadeIn&quot;,&quot;motion_fx_tilt_speed&quot;:{&quot;unit&quot;:&quot;px&quot;,&quot;size&quot;:4,&quot;sizes&quot;:[]}}\" data-widget_type=\"image.default\">\n\t\t\t\t<div class=\"elementor-widget-container\">\n\t\t\t<style>\/*! elementor - v3.21.0 - 22-05-2024 *\/\n.elementor-widget-image{text-align:center}.elementor-widget-image a{display:inline-block}.elementor-widget-image a img[src$=\".svg\"]{width:48px}.elementor-widget-image img{vertical-align:middle;display:inline-block}<\/style>\t\t\t\t\t\t\t\t\t\t<img fetchpriority=\"high\" decoding=\"async\" width=\"356\" height=\"273\" src=\"https:\/\/jobs.pricura.de\/wp-content\/uploads\/sites\/4\/2023\/03\/pricura-Kontakt.svg\" class=\"attachment-full size-full wp-image-2318\" alt=\"\" \/>\t\t\t\t\t\t\t\t\t\t\t\t\t<\/div>\n\t\t\t\t<\/div>\n\t\t\t\t<\/div>\n\t\t\t\t\t<\/div>\n\t\t\t\t<\/div>\n\t\t<div class=\"elementor-element elementor-element-15f09cf e-flex e-con-boxed elementor-invisible e-con e-parent\" data-id=\"15f09cf\" data-element_type=\"container\" data-settings=\"{&quot;animation&quot;:&quot;fadeIn&quot;}\">\n\t\t\t\t\t<div class=\"e-con-inner\">\n\t\t\t\t<div class=\"elementor-element elementor-element-9868031 elementor-widget elementor-widget-shortcode\" data-id=\"9868031\" data-element_type=\"widget\" data-widget_type=\"shortcode.default\">\n\t\t\t\t<div class=\"elementor-widget-container\">\n\t\t\t\t\t<div class=\"elementor-shortcode\"><div class=\"normco-application-form normco-job-outer normco-col-12\"><h2 class=\"normco-title\">Aplikuj teraz<\/h2><div class=\"normco-form-outer\"><form method=\"post\" action=\"\/job-application-submit\" class=\"normco-form\"><div class=\"normco-form-field normco-col-12\" ><div class=\"normco-pa-12\" ><h4 class=\"\">Rozpocznij swoj\u0105 karier\u0119 u nas \u2013 aplikuj ju\u017c teraz!<\/h4><\/div><\/div><div class=\"normco-form-field normco-col-12\" ><div class=\"normco-pa-12\" ><p class=\"\">Cieszymy si\u0119 z Pa\u0144stwa zainteresowania nasz\u0105 firm\u0105. Prosimy u\u017cy\u0107 poni\u017cszego formularza zg\u0142oszeniowego online, aby przekaza\u0107 nam swoje dane osobiste, kwalifikacje zawodowe oraz motywacj\u0119. Jest to pocz\u0105tek mo\u017cliwego nowego rozdzia\u0142u w Pa\u0144stwa karierze.<\/p><\/div><\/div><div class=\"normco-form-field normco-col-12\" ><div class=\"normco-pa-12\" ><p class=\"\">Traktujemy Pa\u0144stwa dane poufnie i zapewniamy, \u017ce Pa\u0144stwa aplikacja zostanie dok\u0142adnie przeanalizowana. Po wys\u0142aniu formularza skontaktujemy si\u0119 z Pa\u0144stwem tak szybko, jak to mo\u017cliwe przy odpowiednich okazjach.<\/p><\/div><\/div><div class=\"normco-form-field normco-col-12\" ><div class=\"normco-pa-12\" ><p class=\"\">Dzi\u0119kujemy za Pa\u0144stwa zainteresowanie i zaufanie, jakim obdarzaj\u0105 Pa\u0144stwo nasz\u0105 firm\u0119. Nie mo\u017cemy si\u0119 doczeka\u0107, aby si\u0119 z Pa\u0144stwem spotka\u0107!<\/p><\/div><\/div><div class=\"normco-form-field normco-col-12\" ><div class=\"normco-pa-12\" ><hr \/><\/div><\/div><div class=\"normco-form-field normco-col-12\" ><div class=\"normco-pa-12\" ><h4 class=\"\">Dane kontaktowe<\/h4><\/div><\/div><div class=\"normco-form-field normco-col-6\" ><div class=\"normco-pa-12\" ><label>Imi\u0119 *<\/label><br><input required=\"required\" id=\"normco-input-id-224\" type=\"text\" name=\"224\" placeholder=\"Imi\u0119...\" class=\"\"><\/div><\/div><div class=\"normco-form-field normco-col-6\" ><div class=\"normco-pa-12\" ><label>Nazwisko *<\/label><br><input required=\"required\" id=\"normco-input-id-225\" type=\"text\" name=\"225\" placeholder=\"Nazwisko...\" class=\"\"><\/div><\/div><div class=\"normco-form-field normco-col-12\" ><div class=\"normco-pa-12\" ><label>Znajomo\u015b\u0107 j\u0119zyka niemieckiego *<\/label><br><select name=\"257\" required=\"required\" class=\"\"><option selected disabled value=\"\">- Prosz\u0119 wybra\u0107 -<\/option><option value=\"keine\">brak<\/option><option value=\"mittel\">\u015brednio<\/option><option value=\"gut\">dobrze<\/option><option value=\"sehr gut\">bardzo dobrze<\/option><\/select><\/div><\/div><div class=\"normco-form-field normco-col-6\" ><div class=\"normco-pa-12\" ><label>Telefon *<\/label><br><input required=\"required\" id=\"normco-input-id-235\" type=\"text\" name=\"235\" placeholder=\"Telefon...\" class=\"\"><\/div><\/div><div class=\"normco-form-field normco-col-6\" ><div class=\"normco-pa-12\" ><label>Email<\/label><br><input type=\"email\" class=\"\" name=\"236\" placeholder=\"Email...\"><\/div><\/div><div class=\"normco-form-field normco-col-12\" ><div class=\"normco-pa-12\" ><hr \/><\/div><\/div><div class=\"normco-form-field normco-col-12\" ><div class=\"normco-pa-12\" ><h4 class=\"\">Dane opcjonalne<\/h4><\/div><\/div><div class=\"normco-form-field normco-col-12\" ><div class=\"normco-pa-12\" ><p class=\"\">Twoje samopoczucie i skuteczno\u015b\u0107 procesu zatrudnienia s\u0105 dla nas wa\u017cne. Dzi\u0119ki przekazaniu opcjonalnych informacji umo\u017cliwiasz nam optymalne przygotowanie si\u0119 i dostosowanie organizacji do Twoich indywidualnych potrzeb. Te dodatkowe dane pomagaj\u0105 nam sprosta\u0107 Twoim konkretnym wymaganiom i efektywnie reagowa\u0107 na Twoje preferencje. Masz pewno\u015b\u0107, \u017ce traktujemy Twoje dane z najwy\u017csz\u0105 dyskrecj\u0105 i wykorzystujemy je wy\u0142\u0105cznie w celu jak najprzyjemniejszego i najszybszego w\u0142\u0105czenia Ci\u0119 do naszego zespo\u0142u.<\/p><\/div><\/div><div class=\"normco-form-field normco-col-12\" ><div class=\"normco-pa-12\" ><h5 class=\"\">Tw\u00f3j wk\u0142ad w p\u0142ynny start!<\/h5><\/div><\/div><div class=\"normco-accordion \"><div class=\"normco-accordion-item\">\n                <div class=\"normco-accordion-item__header\">Dane osobowe<\/div>\n                <div class=\"normco-accordion-item__content\">\n                  <p><div class=\"normco-form-field normco-col-6\" ><div class=\"normco-pa-12\" ><label>Data urodzenia<\/label><br><input id=\"normco-input-id-226\" type=\"date\" name=\"226\" placeholder=\"Data urodzenia...\" style=\"max-height: 42px;\" class=\"\"><\/div><\/div><div class=\"normco-form-field normco-col-6\" ><div class=\"normco-pa-12\" ><label>P\u0142e\u0107<\/label><br><span class=\"normco-mr-12\"><input  type=\"radio\" id=\"normco-input-id-227-1\" name=\"227\" value=\"Weiblich\" style=\"width:unset;height:unset;\" class=\"\"> <label class=\"normco-cursor-pointer\" for=\"normco-input-id-227-1\">Kobieta<\/label><\/span><span class=\"normco-mr-12\"><input  type=\"radio\" id=\"normco-input-id-227-2\" name=\"227\" value=\"M\u00e4nnlich\" style=\"width:unset;height:unset;\" class=\"\"> <label class=\"normco-cursor-pointer\" for=\"normco-input-id-227-2\">M\u0119\u017cczyzna<\/label><\/span><span class=\"normco-mr-12\"><input  type=\"radio\" id=\"normco-input-id-227-3\" name=\"227\" value=\"Divers\" style=\"width:unset;height:unset;\" class=\"\"> <label class=\"normco-cursor-pointer\" for=\"normco-input-id-227-3\">Inne<\/label><\/span><\/div><\/div><\/p><\/div><\/div><div class=\"normco-accordion-item\">\n                <div class=\"normco-accordion-item__header\">Adres<\/div>\n                <div class=\"normco-accordion-item__content\">\n                  <p><div class=\"normco-form-field normco-col-8\" ><div class=\"normco-pa-12\" ><label>Ulica<\/label><br><input id=\"normco-input-id-229\" type=\"text\" name=\"229\" placeholder=\"Ulica...\" class=\"\"><\/div><\/div><div class=\"normco-form-field normco-col-4\" ><div class=\"normco-pa-12\" ><label>Numer domu<\/label><br><input id=\"normco-input-id-230\" type=\"text\" name=\"230\" placeholder=\"Numer domu...\" class=\"\"><\/div><\/div><div class=\"normco-form-field normco-col-4\" ><div class=\"normco-pa-12\" ><label>Kod pocztowy<\/label><br><input id=\"normco-input-id-231\" type=\"text\" name=\"231\" placeholder=\"Kod pocztowy...\" class=\"\"><\/div><\/div><div class=\"normco-form-field normco-col-8\" ><div class=\"normco-pa-12\" ><label>Miejscowo\u015b\u0107<\/label><br><input id=\"normco-input-id-232\" type=\"text\" name=\"232\" placeholder=\"Miejscowo\u015b\u0107...\" class=\"\"><\/div><\/div><div class=\"normco-form-field normco-col-12\" ><div class=\"normco-pa-12\" ><label>Kraj<\/label><br><select name=\"233\" class=\"\"><option selected disabled value=\"\">- Prosz\u0119 wybra\u0107 -<\/option><option value=\"Deutschland\">Niemcy<\/option><option value=\"Polen\">Polska<\/option><option value=\"Kroatien\">Chorwacja<\/option><option value=\"Rum\u00e4nien\">Rumunia<\/option><option value=\"Sonstiges\">Inne<\/option><\/select><\/div><\/div><\/p><\/div><\/div><div class=\"normco-accordion-item\">\n                <div class=\"normco-accordion-item__header\">Kwalifikacje<\/div>\n                <div class=\"normco-accordion-item__content\">\n                  <p><div class=\"normco-form-field normco-col-6\" ><div class=\"normco-pa-12\" ><label>Czy posiada Pan\/Pani do\u015bwiadczenie w opiece?<\/label><br><span class=\"normco-mr-12\"><input  type=\"radio\" id=\"normco-input-id-244-1\" name=\"244\" value=\"Ja\" style=\"width:unset;height:unset;\" class=\"\"> <label class=\"normco-cursor-pointer\" for=\"normco-input-id-244-1\">Tak<\/label><\/span><span class=\"normco-mr-12\"><input  type=\"radio\" id=\"normco-input-id-244-2\" name=\"244\" value=\"Nein\" style=\"width:unset;height:unset;\" class=\"\"> <label class=\"normco-cursor-pointer\" for=\"normco-input-id-244-2\">Nie<\/label><\/span><\/div><\/div><div class=\"normco-form-field normco-col-6\" ><div class=\"normco-pa-12\" ><label>Czy posiada Pan\/Pani prawo jazdy?<\/label><br><span class=\"normco-mr-12\"><input  type=\"radio\" id=\"normco-input-id-246-1\" name=\"246\" value=\"Ja\" style=\"width:unset;height:unset;\" class=\"\"> <label class=\"normco-cursor-pointer\" for=\"normco-input-id-246-1\">Tak<\/label><\/span><span class=\"normco-mr-12\"><input  type=\"radio\" id=\"normco-input-id-246-2\" name=\"246\" value=\"Nein\" style=\"width:unset;height:unset;\" class=\"\"> <label class=\"normco-cursor-pointer\" for=\"normco-input-id-246-2\">Nie<\/label><\/span><\/div><\/div><div class=\"normco-form-field normco-col-6\" ><div class=\"normco-pa-12\" ><label>Wyuczony zaw\u00f3d?<\/label><br><input id=\"normco-input-id-247\" type=\"text\" name=\"247\" placeholder=\"Wyuczony zaw\u00f3d?\" class=\"\"><\/div><\/div><\/p><\/div><\/div><div class=\"normco-accordion-item\">\n                <div class=\"normco-accordion-item__header\">Czas trwania zatrudnienia<\/div>\n                <div class=\"normco-accordion-item__content\">\n                  <p><div class=\"normco-form-field normco-col-6\" ><div class=\"normco-pa-12\" ><label>Od kiedy chcia\u0142by Pan\/Pani pracowa\u0107?<\/label><br><input id=\"normco-input-id-240\" type=\"date\" name=\"240\" placeholder=\"dd.mm.rrrr\" style=\"max-height: 42px;\" class=\"\"><\/div><\/div><div class=\"normco-form-field normco-col-6\" ><div class=\"normco-pa-12\" ><label>Jak d\u0142ugo chcia\u0142by Pan\/Pani pracowa\u0107?<\/label><br><select name=\"241\" class=\"\"><option selected disabled value=\"\">- Prosz\u0119 wybra\u0107 -<\/option><option value=\"1 Monat\">Opcja 1 pl<\/option><option value=\"2 Monate\">Opcja 2 pl<\/option><option value=\"3 Monate\">Option pl<\/option><option value=\"4 Monate\">Option pl<\/option><option value=\"5 Monate\">Option pl<\/option><option value=\"6 Monate\">Option pl<\/option><option value=\"l\u00e4nger als 6 Monate\">Option pl<\/option><\/select><\/div><\/div><\/p><\/div><\/div><div class=\"normco-accordion-item\">\n                <div class=\"normco-accordion-item__header\">Przydatno\u015b\u0107 do zada\u0144<\/div>\n                <div class=\"normco-accordion-item__content\">\n                  <p><div class=\"normco-form-field normco-col-12\" ><div class=\"normco-pa-12\" ><label>Czy ma Pan\/Pani jakie\u015b ograniczenia zdrowotne?<\/label><br><span class=\"normco-mr-12\"><input  type=\"radio\" id=\"normco-input-id-250-1\" name=\"250\" value=\"Ja\" style=\"width:unset;height:unset;\" class=\"\"> <label class=\"normco-cursor-pointer\" for=\"normco-input-id-250-1\">Tak<\/label><\/span><span class=\"normco-mr-12\"><input  type=\"radio\" id=\"normco-input-id-250-2\" name=\"250\" value=\"Nein\" style=\"width:unset;height:unset;\" class=\"\"> <label class=\"normco-cursor-pointer\" for=\"normco-input-id-250-2\">No<\/label><\/span><\/div><\/div><div class=\"normco-form-field normco-col-12\" ><div class=\"normco-pa-12\" ><label>Wej\u015bcie: Pole tekstowe<\/label><br><textarea id=\"normco-input-id-294\" type=\"text\" name=\"294\" placeholder=\"Tekst...\" class=\"\"><\/textarea><\/div><\/div><\/p><\/div><\/div><div class=\"normco-accordion-item\">\n                <div class=\"normco-accordion-item__header\">Otrzymywanie emerytury<\/div>\n                <div class=\"normco-accordion-item__content\">\n                  <p><div class=\"normco-form-field normco-col-12\" ><div class=\"normco-pa-12\" ><label>Czy otrzymuje Pan\/Pani emerytur\u0119?<\/label><br><span class=\"normco-mr-12\"><input  type=\"radio\" id=\"normco-input-id-238-1\" name=\"238\" value=\"Ja\" style=\"width:unset;height:unset;\" class=\"\"> <label class=\"normco-cursor-pointer\" for=\"normco-input-id-238-1\">Tak<\/label><\/span><span class=\"normco-mr-12\"><input  type=\"radio\" id=\"normco-input-id-238-2\" name=\"238\" value=\"Nein\" style=\"width:unset;height:unset;\" class=\"\"> <label class=\"normco-cursor-pointer\" for=\"normco-input-id-238-2\">Nie<\/label><\/span><\/div><\/div><\/p><\/div><\/div><\/div><div class=\"normco-form-field normco-col-12\" ><div class=\"normco-pa-12\" ><hr \/><\/div><\/div><div class=\"normco-form-field normco-col-12\" ><div class=\"normco-pa-12\" ><label>Wiadomo\u015b\u0107<\/label><br><textarea id=\"normco-input-id-259\" type=\"text\" name=\"259\" placeholder=\"Podziel si\u0119 z nami tym, co jest dla Ciebie wa\u017cne \u2013 czy to specjalne \u017cyczenia, konkretne potrzeby, czy po prostu my\u015bli, kt\u00f3re chcia\u0142by\u015b przekaza\u0107. Jeste\u015bmy tutaj, aby s\u0142ucha\u0107 i sprawi\u0107, by Tw\u00f3j udzia\u0142 by\u0142 jak najbardziej przyjemny.\" class=\"\"><\/textarea><\/div><\/div><div class=\"normco-form-field normco-col-12\" ><div class=\"normco-pa-12\" ><input type=\"hidden\" value=\"0\" name=\"256\"><span><input  required=\"required\" class=\"normco-cursor-pointer\" value=\"1\" type=\"checkbox\" id=\"normco-input-id-256\" name=\"256\" style=\"width:unset;height:unset;\"> <label class=\"normco-cursor-pointer\" for=\"normco-input-id-256\">Akceptuj\u0119 zasady ochrony danych osobowych.  *<\/label><\/div><\/div><div class=\"normco-captcha-container\"><input type=\"text\" name=\"class-input-field\" placeholder=\"\"><\/div><div class=\"normco-col-12\"><div class=\"normco-pa-12\"><input type=\"submit\" value=\"Z\u0142\u00f3\u017c podanie\" ><div class=\"normco-float-right\"><small>* Pole wymagane<\/small><\/div><\/div><\/div><\/form><\/div><\/div><\/div>\n\t\t\t\t<\/div>\n\t\t\t\t<\/div>\n\t\t\t\t\t<\/div>\n\t\t\t\t<\/div>\n\t\t\t\t<\/div>\n\t\t","protected":false},"excerpt":{"rendered":"","protected":false},"author":1,"featured_media":0,"parent":0,"menu_order":30,"comment_status":"closed","ping_status":"closed","template":"","meta":{"_acf_changed":false,"footnotes":""},"acf":[],"_links":{"self":[{"href":"https:\/\/jobs.pricura.de\/pl\/wp-json\/wp\/v2\/pages\/2335"}],"collection":[{"href":"https:\/\/jobs.pricura.de\/pl\/wp-json\/wp\/v2\/pages"}],"about":[{"href":"https:\/\/jobs.pricura.de\/pl\/wp-json\/wp\/v2\/types\/page"}],"author":[{"embeddable":true,"href":"https:\/\/jobs.pricura.de\/pl\/wp-json\/wp\/v2\/users\/1"}],"replies":[{"embeddable":true,"href":"https:\/\/jobs.pricura.de\/pl\/wp-json\/wp\/v2\/comments?post=2335"}],"version-history":[{"count":4,"href":"https:\/\/jobs.pricura.de\/pl\/wp-json\/wp\/v2\/pages\/2335\/revisions"}],"predecessor-version":[{"id":2626,"href":"https:\/\/jobs.pricura.de\/pl\/wp-json\/wp\/v2\/pages\/2335\/revisions\/2626"}],"wp:attachment":[{"href":"https:\/\/jobs.pricura.de\/pl\/wp-json\/wp\/v2\/media?parent=2335"}],"curies":[{"name":"wp","href":"https:\/\/api.w.org\/{rel}","templated":true}]}}